{"id":8,"date":"2023-08-31T19:36:07","date_gmt":"2023-08-31T19:36:07","guid":{"rendered":"https:\/\/clunaes.ondareirekia.com\/?page_id=8"},"modified":"2023-09-01T21:06:34","modified_gmt":"2023-09-01T21:06:34","slug":"inicio","status":"publish","type":"page","link":"https:\/\/clunaes.ondareirekia.com\/","title":{"rendered":"Inicio"},"content":{"rendered":"<p>[et_pb_section fb_built=\u00bb1&#8243; admin_label=\u00bbHeader\u00bb _builder_version=\u00bb4.20.0&#8243; _module_preset=\u00bbdefault\u00bb background_color=\u00bbgcid-67960745-cc0c-4d73-b86b-ef2d6023be78&#8243; collapsed=\u00bbon\u00bb global_colors_info=\u00bb{%22gcid-67960745-cc0c-4d73-b86b-ef2d6023be78%22:%91%22background_color%22%93}\u00bb][et_pb_row _builder_version=\u00bb4.20.0&#8243; _module_preset=\u00bbdefault\u00bb width=\u00bb90%\u00bb max_width=\u00bbnone\u00bb custom_padding=\u00bb||0px||false|false\u00bb global_colors_info=\u00bb{}\u00bb][et_pb_column type=\u00bb4_4&#8243; _builder_version=\u00bb4.20.0&#8243; _module_preset=\u00bbdefault\u00bb global_colors_info=\u00bb{}\u00bb][et_pb_text _builder_version=\u00bb4.22.1&#8243; _module_preset=\u00bba30906e9-beff-4cff-95ce-f37855a3be2d\u00bb header_font_size=\u00bb8vw\u00bb global_colors_info=\u00bb{}\u00bb]<\/p>\n<h1>La experiencia de la Europa medieval<\/h1>\n<p>[\/et_pb_text][\/et_pb_column][\/et_pb_row][et_pb_row _builder_version=\u00bb4.20.0&#8243; _module_preset=\u00bbdefault\u00bb width=\u00bb90%\u00bb max_width=\u00bbnone\u00bb custom_padding=\u00bb||19px|||\u00bb global_colors_info=\u00bb{}\u00bb][et_pb_column type=\u00bb4_4&#8243; _builder_version=\u00bb4.20.0&#8243; _module_preset=\u00bbdefault\u00bb global_colors_info=\u00bb{}\u00bb][et_pb_image src=\u00bbhttps:\/\/clunaes.ondareirekia.com\/wp-content\/uploads\/2023\/08\/baraibar-estibaliz.jpg\u00bb title_text=\u00bbbaraibar-estibaliz\u00bb force_fullwidth=\u00bbon\u00bb _builder_version=\u00bb4.22.1&#8243; _module_preset=\u00bbdefault\u00bb global_colors_info=\u00bb{}\u00bb][\/et_pb_image][et_pb_button button_url=\u00bb#\u00bb button_text=\u00bbEst\u00edbaliz\u00bb _builder_version=\u00bb4.22.1&#8243; _module_preset=\u00bb068bf546-cb6c-462b-850d-935aa5799a73&#8243; positioning=\u00bbabsolute\u00bb global_colors_info=\u00bb{}\u00bb][\/et_pb_button][\/et_pb_column][\/et_pb_row][et_pb_row _builder_version=\u00bb4.20.0&#8243; _module_preset=\u00bbdefault\u00bb global_colors_info=\u00bb{}\u00bb][et_pb_column type=\u00bb4_4&#8243; _builder_version=\u00bb4.20.0&#8243; _module_preset=\u00bbdefault\u00bb global_colors_info=\u00bb{}\u00bb][et_pb_text _builder_version=\u00bb4.22.1&#8243; _module_preset=\u00bb16bc5531-5d18-4d67-89c2-49bff3c51225&#8243; global_colors_info=\u00bb{}\u00bb]<\/p>\n<h2>Desde el norte europeo hasta el Mediterr\u00e1neo m\u00e1s al sur, con la Borgo\u00f1a como uno de sus nodos centrales, entre los siglos XI y XIII los caminos se llenaron de talleres, maestros, canteros, modelos e ideas.\u00a0<\/h2>\n<p>[\/et_pb_text][\/et_pb_column][\/et_pb_row][\/et_pb_section][et_pb_section fb_built=\u00bb1&#8243; admin_label=\u00bbGallery\u00bb _builder_version=\u00bb4.22.1&#8243; _module_preset=\u00bbdefault\u00bb background_color=\u00bb#FFFFFF\u00bb collapsed=\u00bbon\u00bb global_colors_info=\u00bb{}\u00bb][et_pb_row column_structure=\u00bb2_5,3_5&#8243; use_custom_gutter=\u00bbon\u00bb gutter_width=\u00bb1&#8243; custom_padding_last_edited=\u00bbon|tablet\u00bb _builder_version=\u00bb4.20.0&#8243; _module_preset=\u00bbdefault\u00bb custom_padding=\u00bb||0px||false|false\u00bb custom_padding_tablet=\u00bb||30px||false|false\u00bb custom_padding_phone=\u00bb||30px||false|false\u00bb global_colors_info=\u00bb{}\u00bb][et_pb_column type=\u00bb2_5&#8243; _builder_version=\u00bb4.20.0&#8243; _module_preset=\u00bbdefault\u00bb custom_padding_tablet=\u00bb||30px||false|false\u00bb custom_padding_phone=\u00bb||30px||false|false\u00bb custom_padding_last_edited=\u00bbon|tablet\u00bb global_colors_info=\u00bb{}\u00bb][et_pb_image src=\u00bbhttps:\/\/clunaes.ondareirekia.com\/wp-content\/uploads\/2023\/08\/portada-estibaliz-detalle.jpg\u00bb title_text=\u00bbportada-estibaliz-detalle\u00bb align=\u00bbcenter\u00bb _builder_version=\u00bb4.22.1&#8243; _module_preset=\u00bbdefault\u00bb max_height=\u00bb525px\u00bb max_height_tablet=\u00bb\u00bb max_height_phone=\u00bb\u00bb max_height_last_edited=\u00bbon|desktop\u00bb custom_margin=\u00bb|||-60px|false|false\u00bb custom_margin_tablet=\u00bb|||0px|false|false\u00bb custom_margin_phone=\u00bb|||0px|false|false\u00bb custom_margin_last_edited=\u00bbon|tablet\u00bb global_colors_info=\u00bb{}\u00bb transform_styles__hover_enabled=\u00bbon|hover\u00bb transform_scale__hover_enabled=\u00bbon|hover\u00bb transform_translate__hover_enabled=\u00bbon|desktop\u00bb transform_rotate__hover_enabled=\u00bbon|desktop\u00bb transform_skew__hover_enabled=\u00bbon|desktop\u00bb transform_origin__hover_enabled=\u00bbon|desktop\u00bb transform_scale__hover=\u00bb98%|98%\u00bb][\/et_pb_image][\/et_pb_column][et_pb_column type=\u00bb3_5&#8243; _builder_version=\u00bb4.20.0&#8243; _module_preset=\u00bbdefault\u00bb global_colors_info=\u00bb{}\u00bb][et_pb_text _builder_version=\u00bb4.22.1&#8243; _module_preset=\u00bb98410991-d05d-4f02-8de5-66c4f6c6a45c\u00bb header_font_size=\u00bb51px\u00bb header_4_text_color=\u00bbgcid-a3412674-3498-4142-ac08-6afad8430048&#8243; header_4_font_size=\u00bb19px\u00bb global_colors_info=\u00bb{%22gcid-a3412674-3498-4142-ac08-6afad8430048%22:%91%22header_4_text_color%22%93}\u00bb]<\/p>\n<h4>Los inicios&#8230;<\/h4>\n<p>[\/et_pb_text][et_pb_text _builder_version=\u00bb4.22.1&#8243; _module_preset=\u00bb16bc5531-5d18-4d67-89c2-49bff3c51225&#8243; header_font_size=\u00bb15px\u00bb header_2_font=\u00bbAbel||||||||\u00bb header_2_font_size=\u00bb26px\u00bb header_2_line_height=\u00bb1.3em\u00bb global_colors_info=\u00bb{}\u00bb]<\/p>\n<h2>En la primer mitad del siglo XII, Toda y su hija Mar\u00eda L\u00f3pez impulsaron la construcci\u00f3n de un gran monasterio en Est\u00edbaliz. Para ello reunieron a los mejores talleres del momento, procedentes en su mayor parte de Francia. Pero pronto el proyecto se frustr\u00f3 y los planes de estas importantes damas chocaron con la realidad pol\u00edtica del momento.\u00a0<\/h2>\n<p>&nbsp;<\/p>\n<p>[\/et_pb_text][et_pb_text _builder_version=\u00bb4.22.1&#8243; _module_preset=\u00bb16bc5531-5d18-4d67-89c2-49bff3c51225&#8243; header_font_size=\u00bb15px\u00bb header_2_font=\u00bbAbel||||||||\u00bb header_2_font_size=\u00bb26px\u00bb header_2_line_height=\u00bb1.3em\u00bb global_colors_info=\u00bb{}\u00bb]<\/p>\n<h2>Sin embargo, aunque Est\u00edbaliz nunca llegara a funcionar como un monasterio cluniacense, la impronta de los talleres que trabajaron en su portada y en los capiteles del interior se extendi\u00f3 de forma extraordinaria tanto en suelo vasco como en regiones lim\u00edtrofes.\u00a0<\/h2>\n<p>&nbsp;<\/p>\n<p>[\/et_pb_text][\/et_pb_column][\/et_pb_row][\/et_pb_section][et_pb_section fb_built=\u00bb1&#8243; admin_label=\u00bbAbout\u00bb _builder_version=\u00bb4.22.1&#8243; _module_preset=\u00bbdefault\u00bb background_color=\u00bb#eaebe6&#8243; overflow-x=\u00bbhidden\u00bb overflow-y=\u00bbhidden\u00bb collapsed=\u00bbon\u00bb global_colors_info=\u00bb{}\u00bb][et_pb_row column_structure=\u00bb1_2,1_2&#8243; _builder_version=\u00bb4.20.0&#8243; _module_preset=\u00bbdefault\u00bb global_colors_info=\u00bb{}\u00bb][et_pb_column type=\u00bb1_2&#8243; _builder_version=\u00bb4.20.0&#8243; _module_preset=\u00bbdefault\u00bb global_colors_info=\u00bb{}\u00bb][et_pb_text _builder_version=\u00bb4.22.1&#8243; _module_preset=\u00bb98410991-d05d-4f02-8de5-66c4f6c6a45c\u00bb header_4_text_color=\u00bbgcid-a3412674-3498-4142-ac08-6afad8430048&#8243; header_4_font_size=\u00bb18px\u00bb global_colors_info=\u00bb{%22gcid-a3412674-3498-4142-ac08-6afad8430048%22:%91%22header_4_text_color%22%93}\u00bb]<\/p>\n<h4>La vida de las formas<\/h4>\n<p>[\/et_pb_text][et_pb_text _builder_version=\u00bb4.22.1&#8243; _module_preset=\u00bb16bc5531-5d18-4d67-89c2-49bff3c51225&#8243; header_2_font_size=\u00bb28px\u00bb custom_padding=\u00bb28px|||||\u00bb global_colors_info=\u00bb{}\u00bb]<\/p>\n<h2>[&#8230;] Cluny &#8211; N\u00e1jera &#8211; Est\u00edbaliz [&#8230;]<\/h2>\n<p>[\/et_pb_text][et_pb_text _builder_version=\u00bb4.22.1&#8243; _module_preset=\u00bb16bc5531-5d18-4d67-89c2-49bff3c51225&#8243; header_font_size=\u00bb15px\u00bb header_2_font=\u00bbAbel||||||||\u00bb header_2_font_size=\u00bb26px\u00bb header_2_line_height=\u00bb1.3em\u00bb custom_margin=\u00bb||5px|||\u00bb global_colors_info=\u00bb{}\u00bb]<\/p>\n<h2>Las formas recorren tambi\u00e9n los caminos, viajando desde un lejano capitel hasta un manuscrito, pasando por los m\u00e1rgenes de un libro de modelos y apuntes. Est\u00edbaliz presenta en sus muros una fuerte impronta borgo\u00f1ona, pero ah\u00ed no termina su lejana genealog\u00eda.<\/h2>\n<p>&nbsp;<\/p>\n<p>[\/et_pb_text][et_pb_text _builder_version=\u00bb4.22.1&#8243; _module_preset=\u00bb16bc5531-5d18-4d67-89c2-49bff3c51225&#8243; header_font_size=\u00bb15px\u00bb header_2_font=\u00bbAbel||||||||\u00bb header_2_font_size=\u00bb26px\u00bb header_2_line_height=\u00bb1.3em\u00bb custom_margin=\u00bb||3px|||\u00bb custom_padding=\u00bb||0px|||\u00bb global_colors_info=\u00bb{}\u00bb]<\/p>\n<h2>El estudio atento de sus motivos nos permitir\u00e1 explorar otras ramas desatendidas que nos llevar\u00e1n a visitar edificios mucho m\u00e1s al norte, en tierras normandas, donde de pronto aparecen formas de extra\u00f1a familiaridad.\u00a0<\/h2>\n<p>&nbsp;<\/p>\n<p>[\/et_pb_text][et_pb_text _builder_version=\u00bb4.22.1&#8243; _module_preset=\u00bb16bc5531-5d18-4d67-89c2-49bff3c51225&#8243; header_font_size=\u00bb15px\u00bb header_2_font=\u00bbAbel||||||||\u00bb header_2_font_size=\u00bb26px\u00bb header_2_line_height=\u00bb1.3em\u00bb global_colors_info=\u00bb{}\u00bb]<\/p>\n<h2>Pero Est\u00edbaliz no es solamente un punto de llegada, pues se transformar\u00e1 en un nuevo punto de partida, impregnando las iglesias del entorno con motivos que, a su vez, experimentar\u00e1n nuevas transformaciones y lecturas.\u00a0<\/h2>\n<p>&nbsp;<\/p>\n<p>[\/et_pb_text][\/et_pb_column][et_pb_column type=\u00bb1_2&#8243; _builder_version=\u00bb4.20.0&#8243; _module_preset=\u00bbdefault\u00bb global_colors_info=\u00bb{}\u00bb][et_pb_image src=\u00bbhttps:\/\/clunaes.ondareirekia.com\/wp-content\/uploads\/2023\/08\/estibaliz-40.jpg\u00bb title_text=\u00bbest\u00edbaliz-40&#8243; _builder_version=\u00bb4.22.1&#8243; _module_preset=\u00bbdefault\u00bb box_shadow_style=\u00bbpreset4&#8243; box_shadow_horizontal=\u00bb16vw\u00bb box_shadow_vertical=\u00bb12vw\u00bb box_shadow_color=\u00bbgcid-67960745-cc0c-4d73-b86b-ef2d6023be78&#8243; global_colors_info=\u00bb{%22gcid-67960745-cc0c-4d73-b86b-ef2d6023be78%22:%91%22box_shadow_color%22%93}\u00bb transform_styles__hover_enabled=\u00bbon|hover\u00bb transform_scale__hover=\u00bb98%|98%\u00bb transform_scale__hover_enabled=\u00bbon|hover\u00bb transform_translate__hover_enabled=\u00bbon|desktop\u00bb transform_rotate__hover_enabled=\u00bbon|desktop\u00bb transform_skew__hover_enabled=\u00bbon|desktop\u00bb transform_origin__hover_enabled=\u00bbon|desktop\u00bb][\/et_pb_image][\/et_pb_column][\/et_pb_row][\/et_pb_section][et_pb_section fb_built=\u00bb1&#8243; _builder_version=\u00bb4.22.1&#8243; _module_preset=\u00bbdefault\u00bb global_colors_info=\u00bb{}\u00bb][et_pb_row _builder_version=\u00bb4.22.1&#8243; _module_preset=\u00bbdefault\u00bb global_colors_info=\u00bb{}\u00bb][et_pb_column type=\u00bb4_4&#8243; _builder_version=\u00bb4.22.1&#8243; _module_preset=\u00bbdefault\u00bb global_colors_info=\u00bb{}\u00bb][et_pb_text _builder_version=\u00bb4.22.1&#8243; _module_preset=\u00bb98410991-d05d-4f02-8de5-66c4f6c6a45c\u00bb header_4_text_color=\u00bbgcid-a3412674-3498-4142-ac08-6afad8430048&#8243; header_4_font_size=\u00bb18px\u00bb global_colors_info=\u00bb{%22gcid-a3412674-3498-4142-ac08-6afad8430048%22:%91%22header_4_text_color%22%93}\u00bb]<\/p>\n<h4>Amberley Castle (Sussex) \/ Est\u00edbaliz \/ Leci\u00f1ana de la Oca \/ Monasterio de Rodilla<\/h4>\n<p>[\/et_pb_text][et_pb_image src=\u00bbhttps:\/\/clunaes.ondareirekia.com\/wp-content\/uploads\/2023\/08\/cortinas2.jpg\u00bb title_text=\u00bbcortinas2&#8243; _builder_version=\u00bb4.22.1&#8243; _module_preset=\u00bbdefault\u00bb box_shadow_style=\u00bbpreset4&#8243; box_shadow_horizontal=\u00bb16vw\u00bb box_shadow_vertical=\u00bb12vw\u00bb box_shadow_color=\u00bbgcid-67960745-cc0c-4d73-b86b-ef2d6023be78&#8243; global_colors_info=\u00bb{%22gcid-67960745-cc0c-4d73-b86b-ef2d6023be78%22:%91%22box_shadow_color%22%93}\u00bb transform_styles__hover_enabled=\u00bbon|hover\u00bb transform_scale__hover=\u00bb98%|98%\u00bb transform_scale__hover_enabled=\u00bbon|hover\u00bb transform_translate__hover_enabled=\u00bbon|desktop\u00bb transform_rotate__hover_enabled=\u00bbon|desktop\u00bb transform_skew__hover_enabled=\u00bbon|desktop\u00bb transform_origin__hover_enabled=\u00bbon|desktop\u00bb][\/et_pb_image][\/et_pb_column][\/et_pb_row][et_pb_row _builder_version=\u00bb4.20.0&#8243; _module_preset=\u00bbdefault\u00bb global_colors_info=\u00bb{}\u00bb][et_pb_column type=\u00bb4_4&#8243; _builder_version=\u00bb4.20.0&#8243; _module_preset=\u00bbdefault\u00bb global_colors_info=\u00bb{}\u00bb][et_pb_text _builder_version=\u00bb4.22.1&#8243; _module_preset=\u00bb16bc5531-5d18-4d67-89c2-49bff3c51225&#8243; global_colors_info=\u00bb{}\u00bb]<\/p>\n<h2>Con esta \u00f3ptica, se abren nuevas v\u00edas de investigaci\u00f3n prometedoras que no s\u00f3lo permitir\u00e1n explicar la riqueza formal de Est\u00edbaliz, sino que posibilitar\u00e1n la mejor comprensi\u00f3n de un tiempo din\u00e1mico en el que las im\u00e1genes migraban sin reparar en las fronteras.<\/h2>\n<p>[\/et_pb_text][\/et_pb_column][\/et_pb_row][et_pb_row _builder_version=\u00bb4.22.1&#8243; _module_preset=\u00bbdefault\u00bb global_colors_info=\u00bb{}\u00bb][et_pb_column type=\u00bb4_4&#8243; _builder_version=\u00bb4.22.1&#8243; _module_preset=\u00bbdefault\u00bb global_colors_info=\u00bb{}\u00bb][et_pb_icon font_icon=\u00bb&#xe03c;||divi||400&#8243; icon_color=\u00bb#c9d300&#8243; icon_width=\u00bb132px\u00bb _builder_version=\u00bb4.22.1&#8243; _module_preset=\u00bbdefault\u00bb custom_margin=\u00bb||2px|||\u00bb hover_enabled=\u00bb0&#8243; global_colors_info=\u00bb{}\u00bb url=\u00bbhttps:\/\/clunaes.ondareirekia.com\/index.php\/ecos-de-estibaliz\/\u00bb sticky_enabled=\u00bb0&#8243;][\/et_pb_icon][et_pb_text _builder_version=\u00bb4.22.1&#8243; _module_preset=\u00bbdefault\u00bb header_font=\u00bbAbel||||||||\u00bb header_2_font=\u00bbAbel|700|||||||\u00bb header_2_letter_spacing=\u00bb8px\u00bb custom_margin=\u00bb25px|||||\u00bb hover_enabled=\u00bb0&#8243; global_colors_info=\u00bb{}\u00bb sticky_enabled=\u00bb0&#8243;]<\/p>\n<h2 style=\"text-align: center;\">M\u00e1s informaci\u00f3n sobre los \u00abEcos de Est\u00edbaliz\u00bb<\/h2>\n<p>[\/et_pb_text][\/et_pb_column][\/et_pb_row][\/et_pb_section]<\/p>\n","protected":false},"excerpt":{"rendered":"<p>La experiencia de la Europa medievalDesde el norte europeo hasta el Mediterr\u00e1neo m\u00e1s al sur, con la Borgo\u00f1a como uno de sus nodos centrales, entre los siglos XI y XIII los caminos se llenaron de talleres, maestros, canteros, modelos e ideas.\u00a0Los inicios&#8230;En la primer mitad del siglo XII, Toda y su hija Mar\u00eda L\u00f3pez impulsaron la construcci\u00f3n de un gran monasterio en Est\u00edbaliz. Para ello reunieron a los mejores talleres del momento, procedentes en su mayor parte de Francia. Pero pronto el proyecto se frustr\u00f3 y los planes de estas importantes damas chocaron con la realidad pol\u00edtica del momento.\u00a0 &nbsp;Sin embargo, aunque Est\u00edbaliz nunca llegara a funcionar como un monasterio cluniacense, la impronta de los talleres que trabajaron en su portada y en los capiteles del interior se extendi\u00f3 de forma extraordinaria tanto en suelo vasco como en regiones lim\u00edtrofes.\u00a0 &nbsp;La vida de las formas[&#8230;] Cluny &#8211; N\u00e1jera &#8211; Est\u00edbaliz [&#8230;]Las formas recorren tambi\u00e9n los caminos, viajando desde un lejano capitel hasta un manuscrito, pasando por los m\u00e1rgenes de un libro de modelos y apuntes. Est\u00edbaliz presenta en sus muros una fuerte impronta borgo\u00f1ona, pero ah\u00ed no termina su lejana genealog\u00eda. &nbsp;El estudio atento de sus motivos nos permitir\u00e1 explorar [&hellip;]<\/p>\n","protected":false},"author":1,"featured_media":0,"parent":0,"menu_order":0,"comment_status":"closed","ping_status":"closed","template":"","meta":{"_et_pb_use_builder":"on","_et_pb_old_content":"","_et_gb_content_width":"","footnotes":""},"class_list":["post-8","page","type-page","status-publish","hentry"],"jetpack_sharing_enabled":true,"_links":{"self":[{"href":"https:\/\/clunaes.ondareirekia.com\/index.php\/wp-json\/wp\/v2\/pages\/8","targetHints":{"allow":["GET"]}}],"collection":[{"href":"https:\/\/clunaes.ondareirekia.com\/index.php\/wp-json\/wp\/v2\/pages"}],"about":[{"href":"https:\/\/clunaes.ondareirekia.com\/index.php\/wp-json\/wp\/v2\/types\/page"}],"author":[{"embeddable":true,"href":"https:\/\/clunaes.ondareirekia.com\/index.php\/wp-json\/wp\/v2\/users\/1"}],"replies":[{"embeddable":true,"href":"https:\/\/clunaes.ondareirekia.com\/index.php\/wp-json\/wp\/v2\/comments?post=8"}],"version-history":[{"count":10,"href":"https:\/\/clunaes.ondareirekia.com\/index.php\/wp-json\/wp\/v2\/pages\/8\/revisions"}],"predecessor-version":[{"id":100,"href":"https:\/\/clunaes.ondareirekia.com\/index.php\/wp-json\/wp\/v2\/pages\/8\/revisions\/100"}],"wp:attachment":[{"href":"https:\/\/clunaes.ondareirekia.com\/index.php\/wp-json\/wp\/v2\/media?parent=8"}],"curies":[{"name":"wp","href":"https:\/\/api.w.org\/{rel}","templated":true}]}}